{"id":1003,"date":"2025-12-22T18:07:28","date_gmt":"2025-12-22T17:07:28","guid":{"rendered":"https:\/\/zipylysworld.com\/pie-de-imprenta\/"},"modified":"2025-12-28T05:31:24","modified_gmt":"2025-12-28T04:31:24","slug":"pie-de-imprenta","status":"publish","type":"page","link":"https:\/\/zipylysworld.com\/es\/pie-de-imprenta\/","title":{"rendered":"Pie de imprenta"},"content":{"rendered":"\n<h2 class=\"wp-block-heading\"><strong>Pie de imprenta \/ Aviso legal<\/strong><\/h2>\n\n<hr class=\"wp-block-separator has-alpha-channel-opacity\"\/>\n\n<p><strong>Responsable del contenido y las operaciones comerciales<\/strong><\/p>\n\n<p>MyMentalCamp LLC<br\/>Wyoming, Estados Unidos<\/p>\n\n<p>Se proporcionan m\u00e1s detalles comerciales previa solicitud.<\/p>\n\n<hr class=\"wp-block-separator has-alpha-channel-opacity\"\/>\n\n<p><strong>Objeto social<\/strong><\/p>\n\n<p>ZipylysWorld\u2122 es una plataforma de contenido educativo y creativo que ofrece productos digitales, contenido multimedia y mercanc\u00eda f\u00edsica seleccionada.<\/p>\n\n<hr class=\"wp-block-separator has-alpha-channel-opacity\"\/>\n\n<p><strong>Pago y cumplimiento<\/strong><\/p>\n\n<p>Dependiendo del producto o servicio, los pagos y el cumplimiento pueden ser procesados por proveedores externos, incluyendo:<\/p>\n\n<ul class=\"wp-block-list\">\n<li>Digistore24 GmbH (Alemania)<\/li>\n\n\n\n<li>Stripe Payments Europe, Ltd. (Irlanda)<\/li>\n\n\n\n<li>Printful Inc. (EE. UU. \/ Letonia)<\/li>\n\n\n\n<li>Etsy Marketplace (para productos seleccionados)<\/li>\n<\/ul>\n\n<p>No almacenamos ni procesamos datos de pago directamente.<\/p>\n\n<hr class=\"wp-block-separator has-alpha-channel-opacity\"\/>\n\n<p><strong>Responsabilidad por enlaces externos<\/strong><\/p>\n\n<p>A pesar de un control cuidadoso del contenido, no asumimos ninguna responsabilidad por los enlaces externos.<br\/>La responsabilidad del contenido de los sitios web enlazados recae exclusivamente en sus respectivos operadores.<\/p>\n\n<hr class=\"wp-block-separator has-alpha-channel-opacity\"\/>\n\n<p><strong>Aviso de copyright<\/strong><\/p>\n\n<p>Todo el contenido de este sitio web est\u00e1 protegido por las leyes de copyright aplicables.<br\/>La reproducci\u00f3n, edici\u00f3n o distribuci\u00f3n m\u00e1s all\u00e1 de los l\u00edmites legales requiere un permiso previo por escrito, a menos que se indique lo contrario.<\/p>\n\n<hr class=\"wp-block-separator has-alpha-channel-opacity\"\/>\n\n<p><strong>Aviso de marca registrada<\/strong><\/p>\n\n<p>MyMentalCamp\u00ae es una marca registrada en Alemania.<br\/>Fuera de Alemania, MyMentalCamp se utiliza como marca comercial (\u2122).<\/p>\n\n<p>ZipylysWorld\u2122 es una marca comercial utilizada internacionalmente.<\/p>\n","protected":false},"excerpt":{"rendered":"<p>Pie de imprenta \/ Aviso legal Responsable del contenido y las operaciones comerciales MyMentalCamp LLCWyoming, Estados Unidos Se proporcionan m\u00e1s detalles comerciales previa solicitud. Objeto social ZipylysWorld\u2122 es una plataforma de contenido educativo y creativo que ofrece productos digitales, contenido multimedia y mercanc\u00eda f\u00edsica seleccionada. Pago y cumplimiento Dependiendo del producto o servicio, los pagos&#8230;<\/p>\n","protected":false},"author":3,"featured_media":0,"parent":0,"menu_order":0,"comment_status":"closed","ping_status":"closed","template":"","meta":{"_kadence_starter_templates_imported_post":false,"_kad_post_transparent":"","_kad_post_title":"","_kad_post_layout":"","_kad_post_sidebar_id":"","_kad_post_content_style":"","_kad_post_vertical_padding":"","_kad_post_feature":"","_kad_post_feature_position":"","_kad_post_header":false,"_kad_post_footer":false,"_kad_post_classname":"","footnotes":""},"class_list":["post-1003","page","type-page","status-publish","hentry"],"_links":{"self":[{"href":"https:\/\/zipylysworld.com\/es\/wp-json\/wp\/v2\/pages\/1003","targetHints":{"allow":["GET"]}}],"collection":[{"href":"https:\/\/zipylysworld.com\/es\/wp-json\/wp\/v2\/pages"}],"about":[{"href":"https:\/\/zipylysworld.com\/es\/wp-json\/wp\/v2\/types\/page"}],"author":[{"embeddable":true,"href":"https:\/\/zipylysworld.com\/es\/wp-json\/wp\/v2\/users\/3"}],"replies":[{"embeddable":true,"href":"https:\/\/zipylysworld.com\/es\/wp-json\/wp\/v2\/comments?post=1003"}],"version-history":[{"count":1,"href":"https:\/\/zipylysworld.com\/es\/wp-json\/wp\/v2\/pages\/1003\/revisions"}],"predecessor-version":[{"id":1005,"href":"https:\/\/zipylysworld.com\/es\/wp-json\/wp\/v2\/pages\/1003\/revisions\/1005"}],"wp:attachment":[{"href":"https:\/\/zipylysworld.com\/es\/wp-json\/wp\/v2\/media?parent=1003"}],"curies":[{"name":"wp","href":"https:\/\/api.w.org\/{rel}","templated":true}]}}