{"id":1000,"date":"2025-06-14T16:04:48","date_gmt":"2025-06-14T14:04:48","guid":{"rendered":"https:\/\/zipylysworld.com\/aviso-legal-ingles\/"},"modified":"2025-12-28T05:30:59","modified_gmt":"2025-12-28T04:30:59","slug":"aviso-legal-ingles","status":"publish","type":"page","link":"https:\/\/zipylysworld.com\/es\/aviso-legal-ingles\/","title":{"rendered":"Aviso legal (ingl\u00e9s)"},"content":{"rendered":"\n<p><strong>Aviso legal<\/strong><\/p>\n\n<p>Se aplica a: <a href=\"https:\/\/zipylysworld.com\/es\/\">https:\/\/zipylysworld.com<\/a><br\/>(tambi\u00e9n v\u00e1lido para ZipylysWorld \u2013 AdultWorld &amp; KidsWorld)<\/p>\n\n<p>\u00daltima actualizaci\u00f3n: 22 de diciembre de 2025<\/p>\n\n<hr class=\"wp-block-separator has-alpha-channel-opacity\"\/>\n\n<h3 class=\"wp-block-heading\">Informaci\u00f3n general<\/h3>\n\n<p>ZipylysWorld\u2122 (incluidos AdultWorld y KidsWorld) est\u00e1 operado por <strong>MyMentalCamp LLC<\/strong>, Wyoming, Estados Unidos.<\/p>\n\n<p>Nos esforzamos por mantener el contenido de este sitio web preciso, completo y actualizado. Sin embargo, no garantizamos la exactitud, integridad o actualidad de la informaci\u00f3n proporcionada.<\/p>\n\n<p>Si observa informaci\u00f3n incorrecta o desactualizada, p\u00f3ngase en contacto con nosotros en:<br\/>\ud83d\udce7 <a href=\"mailto:info@zipylysworld.com\">info@zipylysworld.com<\/a><\/p>\n\n<hr class=\"wp-block-separator has-alpha-channel-opacity\"\/>\n\n<h3 class=\"wp-block-heading\">Limitaci\u00f3n de responsabilidad<\/h3>\n\n<p>El uso de este sitio web y su contenido es bajo su propio riesgo. No asumimos ninguna responsabilidad por los da\u00f1os directos o indirectos que resulten del uso o la confianza en la informaci\u00f3n proporcionada en este sitio web.<\/p>\n\n<p>Esto incluye, entre otros:<\/p>\n\n<ul class=\"wp-block-list\">\n<li>contenido incompleto o desactualizado<\/li>\n\n\n\n<li>problemas t\u00e9cnicos o tiempo de inactividad del sitio web<\/li>\n\n\n\n<li>env\u00edos fallidos a trav\u00e9s de formularios<\/li>\n\n\n\n<li>enlaces de terceros o servicios integrados<\/li>\n<\/ul>\n\n<hr class=\"wp-block-separator has-alpha-channel-opacity\"\/>\n\n<h3 class=\"wp-block-heading\">Datos personales<\/h3>\n\n<p>Cualquier dato personal enviado a trav\u00e9s de formularios u otras interacciones en este sitio web se procesa de acuerdo con nuestra <strong>Pol\u00edtica de privacidad<\/strong>.<\/p>\n\n<hr class=\"wp-block-separator has-alpha-channel-opacity\"\/>\n\n<h3 class=\"wp-block-heading\">Inteligencia artificial (IA)<\/h3>\n\n<p>Parte del contenido de este sitio web, incluidos textos, ilustraciones, im\u00e1genes, historias, conceptos o materiales descargables, puede ser creado o mejorado utilizando inteligencia artificial (IA).<\/p>\n\n<p>Todo el contenido asistido por IA se revisa antes de su publicaci\u00f3n. Sin embargo, dicho contenido se proporciona <strong>\u00fanicamente con fines educativos, informativos y de entretenimiento<\/strong> y no reemplaza el asesoramiento profesional o individual.<\/p>\n\n<hr class=\"wp-block-separator has-alpha-channel-opacity\"\/>\n\n<h3 class=\"wp-block-heading\">Servicios de terceros y enlaces externos<\/h3>\n\n<p>Este sitio web puede contener enlaces a sitios web o servicios de terceros, incluidos, entre otros:<\/p>\n\n<ul class=\"wp-block-list\">\n<li>plataformas de redes sociales (por ejemplo, Instagram, Facebook, Pinterest)<\/li>\n\n\n\n<li>servicios de marketing por correo electr\u00f3nico<\/li>\n\n\n\n<li>mercados o proveedores de cumplimiento (por ejemplo, Etsy, servicios de impresi\u00f3n bajo demanda)<\/li>\n<\/ul>\n\n<p>No tenemos control sobre el contenido externo y no asumimos ninguna responsabilidad por los sitios web, servicios, productos u opiniones de terceros. Se aplican los t\u00e9rminos y las pol\u00edticas de privacidad de los respectivos proveedores.<\/p>\n\n<hr class=\"wp-block-separator has-alpha-channel-opacity\"\/>\n\n<h3 class=\"wp-block-heading\">Cumplimiento y ventas a trav\u00e9s de terceros<\/h3>\n\n<p>Los productos presentados en este sitio web pueden ser vendidos, cumplidos o entregados por plataformas y proveedores de servicios de terceros.<br\/>No procesamos directamente los pagos ni almacenamos los datos de pago o env\u00edo, a menos que se indique expl\u00edcitamente.<\/p>\n\n<hr class=\"wp-block-separator has-alpha-channel-opacity\"\/>\n\n<h3 class=\"wp-block-heading\">Derechos de autor y propiedad intelectual<\/h3>\n\n<p>Todo el contenido de este sitio web, incluidos textos, im\u00e1genes, ilustraciones, gr\u00e1ficos, personajes, historias y conceptos, est\u00e1 protegido por las leyes de derechos de autor y marcas comerciales aplicables.<\/p>\n\n<p>Los derechos de propiedad intelectual pertenecen a <strong>MyMentalCamp LLC<\/strong> y\/o a los respectivos titulares de los derechos.<br\/>ZipylysWorld\u2122, incluidos sus personajes y mundos, es una marca comercial protegida.<\/p>\n\n<p>A menos que se indique expl\u00edcitamente lo contrario, el contenido se publica bajo la siguiente licencia:<br\/><strong>Creative Commons Attribution \u2013 NonCommercial \u2013 NoDerivatives 4.0 International (CC BY-NC-ND 4.0)<\/strong><\/p>\n\n<hr class=\"wp-block-separator has-alpha-channel-opacity\"\/>\n\n<h3 class=\"wp-block-heading\">Problemas t\u00e9cnicos<\/h3>\n\n<p>Si tienes problemas t\u00e9cnicos o consultas legales sobre este sitio web, ponte en contacto con:<br\/>\ud83d\udce7 <a href=\"mailto:info@zipylysworld.com\">info@zipylysworld.com<\/a><\/p>\n","protected":false},"excerpt":{"rendered":"<p>Aviso legal Se aplica a: https:\/\/zipylysworld.com(tambi\u00e9n v\u00e1lido para ZipylysWorld \u2013 AdultWorld &amp; KidsWorld) \u00daltima actualizaci\u00f3n: 22 de diciembre de 2025 Informaci\u00f3n general ZipylysWorld\u2122 (incluidos AdultWorld y KidsWorld) est\u00e1 operado por MyMentalCamp LLC, Wyoming, Estados Unidos. Nos esforzamos por mantener el contenido de este sitio web preciso, completo y actualizado. Sin embargo, no garantizamos la exactitud,&#8230;<\/p>\n","protected":false},"author":2,"featured_media":0,"parent":0,"menu_order":0,"comment_status":"closed","ping_status":"closed","template":"","meta":{"_kadence_starter_templates_imported_post":false,"_kad_post_transparent":"","_kad_post_title":"","_kad_post_layout":"","_kad_post_sidebar_id":"","_kad_post_content_style":"","_kad_post_vertical_padding":"","_kad_post_feature":"","_kad_post_feature_position":"","_kad_post_header":false,"_kad_post_footer":false,"_kad_post_classname":"","footnotes":""},"class_list":["post-1000","page","type-page","status-publish","hentry"],"_links":{"self":[{"href":"https:\/\/zipylysworld.com\/es\/wp-json\/wp\/v2\/pages\/1000","targetHints":{"allow":["GET"]}}],"collection":[{"href":"https:\/\/zipylysworld.com\/es\/wp-json\/wp\/v2\/pages"}],"about":[{"href":"https:\/\/zipylysworld.com\/es\/wp-json\/wp\/v2\/types\/page"}],"author":[{"embeddable":true,"href":"https:\/\/zipylysworld.com\/es\/wp-json\/wp\/v2\/users\/2"}],"replies":[{"embeddable":true,"href":"https:\/\/zipylysworld.com\/es\/wp-json\/wp\/v2\/comments?post=1000"}],"version-history":[{"count":1,"href":"https:\/\/zipylysworld.com\/es\/wp-json\/wp\/v2\/pages\/1000\/revisions"}],"predecessor-version":[{"id":1002,"href":"https:\/\/zipylysworld.com\/es\/wp-json\/wp\/v2\/pages\/1000\/revisions\/1002"}],"wp:attachment":[{"href":"https:\/\/zipylysworld.com\/es\/wp-json\/wp\/v2\/media?parent=1000"}],"curies":[{"name":"wp","href":"https:\/\/api.w.org\/{rel}","templated":true}]}}