{"id":969,"date":"2025-12-22T18:07:28","date_gmt":"2025-12-22T17:07:28","guid":{"rendered":"https:\/\/zipylysworld.com\/impressum\/"},"modified":"2025-12-22T22:37:25","modified_gmt":"2025-12-22T21:37:25","slug":"impressum","status":"publish","type":"page","link":"https:\/\/zipylysworld.com\/de\/impressum\/","title":{"rendered":"Impressum"},"content":{"rendered":"\n<h2 class=\"wp-block-heading\"><strong>Impressum \/ Legal Disclosure<\/strong><\/h2>\n\n<hr class=\"wp-block-separator has-alpha-channel-opacity\"\/>\n\n<p><strong>Verantwortlich f\u00fcr Inhalte &amp; Gesch\u00e4ftsbetrieb<\/strong><\/p>\n\n<p>MyMentalCamp LLC<br\/>Wyoming, Vereinigte Staaten<\/p>\n\n<p>Weitere gesch\u00e4ftliche Details werden auf Anfrage mitgeteilt.<\/p>\n\n<hr class=\"wp-block-separator has-alpha-channel-opacity\"\/>\n\n<p><strong>Gesch\u00e4ftszweck<\/strong><\/p>\n\n<p>ZipylysWorld\u2122 ist eine Bildungs- und Kreativ-Content-Plattform, die digitale Produkte, Medieninhalte und ausgew\u00e4hlte physische Waren anbietet.<\/p>\n\n<hr class=\"wp-block-separator has-alpha-channel-opacity\"\/>\n\n<p><strong>Zahlung &amp; Erf\u00fcllung<\/strong><\/p>\n\n<p>Abh\u00e4ngig vom Produkt oder der Dienstleistung k\u00f6nnen Zahlungen und die Erf\u00fcllung von Drittanbietern abgewickelt werden, einschlie\u00dflich:<\/p>\n\n<ul class=\"wp-block-list\">\n<li>Digistore24 GmbH (Deutschland)<\/li>\n\n\n\n<li>Stripe Payments Europe, Ltd. (Irland)<\/li>\n\n\n\n<li>Printful Inc. (USA \/ Lettland)<\/li>\n\n\n\n<li>Etsy Marketplace (f\u00fcr ausgew\u00e4hlte Produkte)<\/li>\n<\/ul>\n\n<p>Wir speichern oder verarbeiten keine Zahlungsdaten direkt.<\/p>\n\n<hr class=\"wp-block-separator has-alpha-channel-opacity\"\/>\n\n<p><strong>Haftung f\u00fcr externe Links<\/strong><\/p>\n\n<p>Trotz sorgf\u00e4ltiger inhaltlicher Kontrolle \u00fcbernehmen wir keine Haftung f\u00fcr externe Links.<br\/>Die Verantwortung f\u00fcr den Inhalt der verlinkten Webseiten liegt ausschlie\u00dflich bei deren jeweiligen Betreibern.<\/p>\n\n<hr class=\"wp-block-separator has-alpha-channel-opacity\"\/>\n\n<p><strong>Urheberrechtshinweis<\/strong><\/p>\n\n<p>Alle Inhalte auf dieser Webseite sind durch geltende Urheberrechtsgesetze gesch\u00fctzt.<br\/>Die Vervielf\u00e4ltigung, Bearbeitung oder Verbreitung \u00fcber die gesetzlichen Grenzen hinaus bedarf der vorherigen schriftlichen Genehmigung, sofern nicht anders angegeben.<\/p>\n\n<hr class=\"wp-block-separator has-alpha-channel-opacity\"\/>\n\n<p><strong>Markenrechtlicher Hinweis<\/strong><\/p>\n\n<p>MyMentalCamp\u00ae ist eine eingetragene Marke in Deutschland.<br\/>Au\u00dferhalb Deutschlands wird MyMentalCamp als Marke (\u2122) verwendet.<\/p>\n\n<p>ZipylysWorld\u2122 ist eine international verwendete Marke.<\/p>\n","protected":false},"excerpt":{"rendered":"<p>Impressum \/ Legal Disclosure Verantwortlich f\u00fcr Inhalte &amp; Gesch\u00e4ftsbetrieb MyMentalCamp LLCWyoming, Vereinigte Staaten Weitere gesch\u00e4ftliche Details werden auf Anfrage mitgeteilt. Gesch\u00e4ftszweck ZipylysWorld\u2122 ist eine Bildungs- und Kreativ-Content-Plattform, die digitale Produkte, Medieninhalte und ausgew\u00e4hlte physische Waren anbietet. Zahlung &amp; Erf\u00fcllung Abh\u00e4ngig vom Produkt oder der Dienstleistung k\u00f6nnen Zahlungen und die Erf\u00fcllung von Drittanbietern abgewickelt werden, einschlie\u00dflich:&#8230;<\/p>\n","protected":false},"author":3,"featured_media":0,"parent":0,"menu_order":0,"comment_status":"closed","ping_status":"closed","template":"","meta":{"_kadence_starter_templates_imported_post":false,"_kad_post_transparent":"","_kad_post_title":"","_kad_post_layout":"","_kad_post_sidebar_id":"","_kad_post_content_style":"","_kad_post_vertical_padding":"","_kad_post_feature":"","_kad_post_feature_position":"","_kad_post_header":false,"_kad_post_footer":false,"_kad_post_classname":"","footnotes":""},"class_list":["post-969","page","type-page","status-publish","hentry"],"_links":{"self":[{"href":"https:\/\/zipylysworld.com\/de\/wp-json\/wp\/v2\/pages\/969","targetHints":{"allow":["GET"]}}],"collection":[{"href":"https:\/\/zipylysworld.com\/de\/wp-json\/wp\/v2\/pages"}],"about":[{"href":"https:\/\/zipylysworld.com\/de\/wp-json\/wp\/v2\/types\/page"}],"author":[{"embeddable":true,"href":"https:\/\/zipylysworld.com\/de\/wp-json\/wp\/v2\/users\/3"}],"replies":[{"embeddable":true,"href":"https:\/\/zipylysworld.com\/de\/wp-json\/wp\/v2\/comments?post=969"}],"version-history":[{"count":1,"href":"https:\/\/zipylysworld.com\/de\/wp-json\/wp\/v2\/pages\/969\/revisions"}],"predecessor-version":[{"id":971,"href":"https:\/\/zipylysworld.com\/de\/wp-json\/wp\/v2\/pages\/969\/revisions\/971"}],"wp:attachment":[{"href":"https:\/\/zipylysworld.com\/de\/wp-json\/wp\/v2\/media?parent=969"}],"curies":[{"name":"wp","href":"https:\/\/api.w.org\/{rel}","templated":true}]}}