{"id":672,"date":"2025-09-10T06:01:42","date_gmt":"2025-09-10T04:01:42","guid":{"rendered":"https:\/\/zipylysworld.com\/?page_id=672"},"modified":"2025-09-10T06:46:08","modified_gmt":"2025-09-10T04:46:08","slug":"blog","status":"publish","type":"page","link":"https:\/\/zipylysworld.com\/de\/blog\/","title":{"rendered":"Blog"},"content":{"rendered":"<style>.kb-posts-id-672_432880-2d .kb-post-list-item{display:grid;}<\/style><ul class=\"wp-block-kadence-posts kb-posts kadence-posts-list kb-posts-id-672_432880-2d content-wrap grid-cols kb-posts-style-boxed grid-sm-col-2 grid-lg-col-2 item-image-style-above\"><li class=\"kb-post-list-item\">\n\t<article class=\"entry content-bg loop-entry post-413 post type-post status-publish format-standard has-post-thumbnail hentry category-sporternaehrung\">\n\t\t\t\t<a aria-hidden=\"true\" tabindex=\"-1\" role=\"presentation\" class=\"post-thumbnail kadence-thumbnail-ratio-2-3\" href=\"https:\/\/zipylysworld.com\/de\/2025\/09\/10\/%f0%9f%92%a6-willkommen-in-der-wuste-was-ist-hydration-warum-ist-sie-entscheidend\/\" aria-label=\"\ud83d\udca6 Willkommen in der W\u00fcste: Was ist Hydration &amp; warum ist sie entscheidend?\">\n\t\t\t<div class=\"post-thumbnail-inner\">\n\t\t\t\t<img loading=\"lazy\" decoding=\"async\" width=\"768\" height=\"764\" src=\"https:\/\/zipylysworld.com\/wp-content\/uploads\/2025\/08\/Bildschirmfoto-2025-08-21-um-16.41.03-768x764.png\" class=\"attachment-medium_large size-medium_large wp-post-image\" alt=\"\ud83d\udca6 Willkommen in der W\u00fcste: Was ist Hydration &amp; warum ist sie entscheidend?\" srcset=\"https:\/\/zipylysworld.com\/wp-content\/uploads\/2025\/08\/Bildschirmfoto-2025-08-21-um-16.41.03-768x764.png 768w, https:\/\/zipylysworld.com\/wp-content\/uploads\/2025\/08\/Bildschirmfoto-2025-08-21-um-16.41.03-150x150.png 150w, https:\/\/zipylysworld.com\/wp-content\/uploads\/2025\/08\/Bildschirmfoto-2025-08-21-um-16.41.03.png 842w\" sizes=\"auto, (max-width: 768px) 100vw, 768px\" \/>\t\t\t<\/div>\n\t\t<\/a><!-- .post-thumbnail -->\n\t\t\t\t<div class=\"entry-content-wrap\">\n\t\t\t<header class=\"entry-header\">\n\t\t<div class=\"entry-taxonomies\">\n\t\t<span class=\"category-links term-links category-style-normal\">\n\t\t\t<a href=\"https:\/\/zipylysworld.com\/de\/category\/sporternaehrung\/\" class=\"category-link-sporternaehrung\" rel=\"tag\">Sportern\u00e4hrung<\/a>\t\t<\/span>\n\t<\/div><!-- .entry-taxonomies -->\n\t<h2 class=\"entry-title\"><a href=\"https:\/\/zipylysworld.com\/de\/2025\/09\/10\/%f0%9f%92%a6-willkommen-in-der-wuste-was-ist-hydration-warum-ist-sie-entscheidend\/\" rel=\"bookmark\">\ud83d\udca6 Willkommen in der W\u00fcste: Was ist Hydration &amp; warum ist sie entscheidend?<\/a><\/h2>\t<div class=\"entry-meta entry-meta-divider-dot\">\n\t<span class=\"posted-by\"><span class=\"meta-label\">Von<\/span><span class=\"author vcard\"><span class=\"fn n\">Zipylysworld<\/span><\/span><\/span>\t\t\t<span class=\"posted-on\">\n\t\t\t\t<time class=\"entry-date published\" datetime=\"2025-09-10T05:56:17+02:00\">10. September 2025<\/time><time class=\"updated\" datetime=\"2025-12-31T18:49:02+01:00\">31. Dezember 2025<\/time>\t\t\t<\/span>\n\t\t\t\t<\/div><!-- .entry-meta -->\n\t<\/header><!-- .entry-header -->\n\t<div class=\"entry-summary\">\n\t\t<p>\u201eDie Sonne brennt, der Sand knirscht, die Schoki schmilzt. Willkommen zur h\u00e4rtesten Etappe deines Ausdauerlebens: der gro\u00dfen Durstpr\u00fcfung.\u201c \u2013&nbsp;Zipyly, W\u00fcstenmentor&#8230;<\/p>\n\t<\/div><!-- .entry-summary -->\n\t<footer class=\"entry-footer\">\n\t\t\t<div class=\"entry-actions\">\n\t\t\t<p class=\"more-link-wrap\">\n\t\t\t\t<a href=\"https:\/\/zipylysworld.com\/de\/2025\/09\/10\/%f0%9f%92%a6-willkommen-in-der-wuste-was-ist-hydration-warum-ist-sie-entscheidend\/\" class=\"post-more-link\">\n\t\t\t\t\tWeiterlesen<span class=\"screen-reader-text\"> \ud83d\udca6 Willkommen in der W\u00fcste: Was ist Hydration &amp; warum ist sie entscheidend?<\/span><span class=\"kadence-svg-iconset svg-baseline\"><svg aria-hidden=\"true\" class=\"kadence-svg-icon kadence-arrow-right-alt-svg\" fill=\"currentColor\" version=\"1.1\" xmlns=\"http:\/\/www.w3.org\/2000\/svg\" width=\"27\" height=\"28\" viewBox=\"0 0 27 28\"><title>Fortfahren<\/title><path d=\"M27 13.953c0 0.141-0.063 0.281-0.156 0.375l-6 5.531c-0.156 0.141-0.359 0.172-0.547 0.094-0.172-0.078-0.297-0.25-0.297-0.453v-3.5h-19.5c-0.281 0-0.5-0.219-0.5-0.5v-3c0-0.281 0.219-0.5 0.5-0.5h19.5v-3.5c0-0.203 0.109-0.375 0.297-0.453s0.391-0.047 0.547 0.078l6 5.469c0.094 0.094 0.156 0.219 0.156 0.359v0z\"><\/path>\n\t\t\t<\/svg><\/span>\t\t\t\t<\/a>\n\t\t\t<\/p>\n\t\t<\/div><!-- .entry-actions -->\n\t\t<\/footer><!-- .entry-footer -->\t\t<\/div>\n\t<\/article>\n<\/li>\n<\/ul>","protected":false},"excerpt":{"rendered":"","protected":false},"author":1,"featured_media":0,"parent":0,"menu_order":0,"comment_status":"closed","ping_status":"closed","template":"","meta":{"_kadence_starter_templates_imported_post":false,"_kad_post_transparent":"","_kad_post_title":"","_kad_post_layout":"","_kad_post_sidebar_id":"","_kad_post_content_style":"","_kad_post_vertical_padding":"","_kad_post_feature":"","_kad_post_feature_position":"","_kad_post_header":false,"_kad_post_footer":false,"_kad_post_classname":"","footnotes":""},"class_list":["post-672","page","type-page","status-publish","hentry"],"_links":{"self":[{"href":"https:\/\/zipylysworld.com\/de\/wp-json\/wp\/v2\/pages\/672","targetHints":{"allow":["GET"]}}],"collection":[{"href":"https:\/\/zipylysworld.com\/de\/wp-json\/wp\/v2\/pages"}],"about":[{"href":"https:\/\/zipylysworld.com\/de\/wp-json\/wp\/v2\/types\/page"}],"author":[{"embeddable":true,"href":"https:\/\/zipylysworld.com\/de\/wp-json\/wp\/v2\/users\/1"}],"replies":[{"embeddable":true,"href":"https:\/\/zipylysworld.com\/de\/wp-json\/wp\/v2\/comments?post=672"}],"version-history":[{"count":3,"href":"https:\/\/zipylysworld.com\/de\/wp-json\/wp\/v2\/pages\/672\/revisions"}],"predecessor-version":[{"id":677,"href":"https:\/\/zipylysworld.com\/de\/wp-json\/wp\/v2\/pages\/672\/revisions\/677"}],"wp:attachment":[{"href":"https:\/\/zipylysworld.com\/de\/wp-json\/wp\/v2\/media?parent=672"}],"curies":[{"name":"wp","href":"https:\/\/api.w.org\/{rel}","templated":true}]}}